{"id":85,"date":"2017-09-19T17:03:37","date_gmt":"2017-09-19T15:03:37","guid":{"rendered":"https:\/\/hmhzakelijk.mediasoep.nl\/?page_id=85"},"modified":"2018-09-19T14:49:25","modified_gmt":"2018-09-19T12:49:25","slug":"contact","status":"publish","type":"page","link":"https:\/\/zakelijk.houtmethistorie.nl\/de\/kontakt\/","title":{"rendered":"Kontakt aufnehmen"},"content":{"rendered":"<script type=\"text\/javascript\">var gform;gform||(document.addEventListener(\"gform_main_scripts_loaded\",function(){gform.scriptsLoaded=!0}),window.addEventListener(\"DOMContentLoaded\",function(){gform.domLoaded=!0}),gform={domLoaded:!1,scriptsLoaded:!1,initializeOnLoaded:function(o){gform.domLoaded&&gform.scriptsLoaded?o():!gform.domLoaded&&gform.scriptsLoaded?window.addEventListener(\"DOMContentLoaded\",o):document.addEventListener(\"gform_main_scripts_loaded\",o)},hooks:{action:{},filter:{}},addAction:function(o,n,r,t){gform.addHook(\"action\",o,n,r,t)},addFilter:function(o,n,r,t){gform.addHook(\"filter\",o,n,r,t)},doAction:function(o){gform.doHook(\"action\",o,arguments)},applyFilters:function(o){return gform.doHook(\"filter\",o,arguments)},removeAction:function(o,n){gform.removeHook(\"action\",o,n)},removeFilter:function(o,n,r){gform.removeHook(\"filter\",o,n,r)},addHook:function(o,n,r,t,i){null==gform.hooks[o][n]&&(gform.hooks[o][n]=[]);var e=gform.hooks[o][n];null==i&&(i=n+\"_\"+e.length),gform.hooks[o][n].push({tag:i,callable:r,priority:t=null==t?10:t})},doHook:function(n,o,r){var t;if(r=Array.prototype.slice.call(r,1),null!=gform.hooks[n][o]&&((o=gform.hooks[n][o]).sort(function(o,n){return o.priority-n.priority}),o.forEach(function(o){\"function\"!=typeof(t=o.callable)&&(t=window[t]),\"action\"==n?t.apply(null,r):r[0]=t.apply(null,r)})),\"filter\"==n)return r[0]},removeHook:function(o,n,t,i){var r;null!=gform.hooks[o][n]&&(r=(r=gform.hooks[o][n]).filter(function(o,n,r){return!!(null!=i&&i!=o.tag||null!=t&&t!=o.priority)}),gform.hooks[o][n]=r)}});<\/script>\n                <div class='gf_browser_gecko gform_wrapper gform_legacy_markup_wrapper' id='gform_wrapper_1' style='display:none'><form method='post' enctype='multipart\/form-data'  id='gform_1'  action='\/de\/wp-json\/wp\/v2\/pages\/85' novalidate data-trp-original-action=\"\/de\/wp-json\/wp\/v2\/pages\/85\">\n                        <div class='gform_body gform-body'><ul id='gform_fields_1' class='gform_fields top_label form_sublabel_below description_below'><li id=\"field_1_9\" class=\"gfield gfield_html gfield_html_formatted gfield_no_follows_desc field_sublabel_below field_description_below gfield_visibility_visible\" ><h3>Werden auch Sie ein HMH-M\u00f6belmacher<\/h3>\n<p>Werden Sie einer unserer M\u00f6belmacher? Werden Sie Teil eines leidenschaftlichen und inspirierenden Netzwerks? Dann f\u00fcllen Sie bitte das untenstehende Formular aus und einer unserer Holzarbeiter wird sich so schnell wie m\u00f6glich mit Ihnen in Verbindung setzen.<\/p><\/li><li id=\"field_1_12\" class=\"gfield price-list gfield_html gfield_html_formatted gfield_no_follows_desc field_sublabel_below field_description_below gfield_visibility_visible\" ><h3>Unser Preisverzeichnis<\/h3>\n<p>Sind Sie neugierig auf die Preise f\u00fcr unser Altholz?\nGeben Sie Ihre E-Mail-Adresse ein und Sie erhalten unsere Preisliste in Ihr Postfach.<\/p><\/li><li id=\"field_1_11\" class=\"gfield gfield_html gfield_html_formatted gfield_no_follows_desc field_sublabel_below field_description_below gfield_visibility_visible\" ><h3>Kontakt aufnehmen<\/h3>\n<p>Haben Sie noch Fragen an uns? Zum Beispiel \u00fcber die verschiedenen Arten von Altholz, unsere Lieferm\u00f6glichkeiten oder was unsere Hersteller f\u00fcr Sie tun k\u00f6nnen? Dann kontaktieren Sie uns schnell unten.<\/p><\/li><li id=\"field_1_5\" class=\"gfield hide-meubelmakers field_sublabel_below field_description_below gfield_visibility_visible\" ><label class='gfield_label' for='input_1_5' >Ich m\u00f6chte<\/label><div class='ginput_container ginput_container_select'><select name='input_5' id='input_1_5' class='medium gfield_select'     aria-invalid=\"false\" ><option value='maak een keuze' >Treffen Sie eine Entscheidung<\/option><option value='1' >eine Preisliste<\/option><option value='3' >mehr Informationen<\/option><option value='4' >Registrieren Sie sich als HMH-M\u00f6belhersteller<\/option><\/select><\/div><\/li><li id=\"field_1_8\" class=\"gfield gsection field_sublabel_below field_description_below gfield_visibility_hidden\" ><div class='admin-hidden-markup'><i class='gform-icon gform-icon--hidden'><\/i><span>Versteckt<\/span><\/div><h2 class=\"gsection_title\"><\/h2><\/li><li id=\"field_1_1\" class=\"gfield field_sublabel_below field_description_below gfield_visibility_visible\" ><label class='gfield_label' for='input_1_1' >Name<\/label><div class='ginput_container ginput_container_text'><input name='input_1' id='input_1_1' type='text' value='' class='large'    placeholder='Bitte geben Sie Ihren Namen ein.'  aria-invalid=\"false\"   \/> <\/div><\/li><li id=\"field_1_7\" class=\"gfield bedrijf-field gfield_contains_required field_sublabel_below field_description_below gfield_visibility_visible\" ><label class='gfield_label' for='input_1_7' >Unternehmen<span class=\"gfield_required\"><span class=\"gfield_required gfield_required_asterisk\">*<\/span><\/span><\/label><div class='ginput_container ginput_container_text'><input name='input_7' id='input_1_7' type='text' value='' class='large'    placeholder='Bitte geben Sie den Namen Ihres Unternehmens ein.' aria-required=\"true\" aria-invalid=\"false\"   \/> <\/div><\/li><li id=\"field_1_2\" class=\"gfield gfield_contains_required field_sublabel_below field_description_above gfield_visibility_visible\" ><label class='gfield_label' for='input_1_2' >E-Mail Adresse<span class=\"gfield_required\"><span class=\"gfield_required gfield_required_asterisk\">*<\/span><\/span><\/label><div class='ginput_container ginput_container_email'>\n                            <input name='input_2' id='input_1_2' type='email' value='' class='medium'   placeholder='Bitte geben Sie Ihre E-Mail Adresse ein.' aria-required=\"true\" aria-invalid=\"false\"  \/>\n                        <\/div><\/li><li id=\"field_1_3\" class=\"gfield gfield_contains_required field_sublabel_below field_description_below gfield_visibility_visible\" ><label class='gfield_label' for='input_1_3' >Telefon<span class=\"gfield_required\"><span class=\"gfield_required gfield_required_asterisk\">*<\/span><\/span><\/label><div class='ginput_container ginput_container_phone'><input name='input_3' id='input_1_3' type='tel' value='' class='large'  placeholder='Bitte geben Sie Ihre Telefonnummer ein.' aria-required=\"true\" aria-invalid=\"false\"   \/><\/div><\/li><li id=\"field_1_4\" class=\"gfield field_sublabel_below field_description_below gfield_visibility_visible\" ><label class='gfield_label' for='input_1_4' >Nachricht<\/label><div class='ginput_container ginput_container_textarea'><textarea name='input_4' id='input_1_4' class='textarea medium'      aria-invalid=\"false\"   rows='10' cols='50'><\/textarea><\/div><\/li><li id=\"field_1_13\" class=\"gfield gform_validation_container field_sublabel_below field_description_below gfield_visibility_visible\" ><label class='gfield_label' for='input_1_13' >Kommentare<\/label><div class='ginput_container'><input name='input_13' id='input_1_13' type='text' value='' autocomplete='new-password'\/><\/div><div class='gfield_description' id='gfield_description_1_13'>Dieses Feld dient der Validierung und sollte unver\u00e4ndert bleiben.<\/div><\/li><\/ul><\/div>\n        <div class='gform_footer top_label'> <style>.gform_validation_container { height: 0 !important; visibility: hidden !important; }<\/style><button type='submit' class='gform_button button' id='gform_submit_button_1' onclick='if(window[\"gf_submitting_1\"]){return false;}  if( !jQuery(\"#gform_1\")[0].checkValidity || jQuery(\"#gform_1\")[0].checkValidity()){window[\"gf_submitting_1\"]=true;}  ' onkeypress='if( event.keyCode == 13 ){ if(window[\"gf_submitting_1\"]){return false;} if( !jQuery(\"#gform_1\")[0].checkValidity || jQuery(\"#gform_1\")[0].checkValidity()){window[\"gf_submitting_1\"]=true;}  jQuery(\"#gform_1\").trigger(\"submit\",[true]); }'><span>Senden Sie<\/span><\/button> \n            <input type='hidden' class='gform_hidden' name='is_submit_1' value='1' \/>\n            <input type='hidden' class='gform_hidden' name='gform_submit' value='1' \/>\n            \n            <input type='hidden' class='gform_hidden' name='gform_unique_id' value='' \/>\n            <input type='hidden' class='gform_hidden' name='state_1' value='WyJbXSIsImQ1Y2Y2Yzk4YzZkZDA2NDI3YTA3OTI4N2U5NmRmNDM4Il0=' \/>\n            <input type='hidden' class='gform_hidden' name='gform_target_page_number_1' id='gform_target_page_number_1' value='0' \/>\n            <input type='hidden' class='gform_hidden' name='gform_source_page_number_1' id='gform_source_page_number_1' value='1' \/>\n            <input type='hidden' name='gform_field_values' value='' \/>\n            \n        <\/div>\n                        <input type=\"hidden\" name=\"trp-form-language\" value=\"de\"\/><\/form>\n                        <\/div>","protected":false},"excerpt":{"rendered":"","protected":false},"author":2,"featured_media":0,"parent":0,"menu_order":0,"comment_status":"closed","ping_status":"closed","template":"templates\/contact.php","meta":{"inline_featured_image":false,"_links_to":"","_links_to_target":""},"yoast_head":"<!-- This site is optimized with the Yoast SEO plugin v18.2 - https:\/\/yoast.com\/wordpress\/plugins\/seo\/ -->\n<title>Kom in contact &bull; Hout met Historie Zakelijk<\/title>\n<meta name=\"robots\" content=\"index, follow, max-snippet:-1, max-image-preview:large, max-video-preview:-1\" \/>\n<link rel=\"canonical\" href=\"https:\/\/zakelijk.houtmethistorie.nl\/de\/kontakt\/\" \/>\n<meta property=\"og:locale\" content=\"de_DE\" \/>\n<meta property=\"og:type\" content=\"article\" \/>\n<meta property=\"og:title\" content=\"Kom in contact &bull; Hout met Historie Zakelijk\" \/>\n<meta property=\"og:url\" content=\"https:\/\/zakelijk.houtmethistorie.nl\/de\/kontakt\/\" \/>\n<meta property=\"og:site_name\" content=\"Hout met Historie Zakelijk\" \/>\n<meta property=\"article:publisher\" content=\"https:\/\/www.facebook.com\/houtmethistorie\" \/>\n<meta property=\"article:modified_time\" content=\"2018-09-19T12:49:25+00:00\" \/>\n<meta name=\"twitter:card\" content=\"summary\" \/>\n<script type=\"application\/ld+json\" class=\"yoast-schema-graph\">{\"@context\":\"https:\/\/schema.org\",\"@graph\":[{\"@type\":\"Organization\",\"@id\":\"https:\/\/zakelijk.houtmethistorie.nl\/#organization\",\"name\":\"Hout met Historie\",\"url\":\"https:\/\/zakelijk.houtmethistorie.nl\/\",\"sameAs\":[\"https:\/\/www.facebook.com\/houtmethistorie\",\"https:\/\/www.instagram.com\/houtmethistorie\/\",\"https:\/\/nl.pinterest.com\/houtmethistorie\/\"],\"logo\":{\"@type\":\"ImageObject\",\"@id\":\"https:\/\/zakelijk.houtmethistorie.nl\/#logo\",\"inLanguage\":\"de\",\"url\":\"https:\/\/zakelijk.houtmethistorie.nl\/wp-content\/uploads\/logo.svg\",\"contentUrl\":\"https:\/\/zakelijk.houtmethistorie.nl\/wp-content\/uploads\/logo.svg\",\"caption\":\"Hout met Historie\"},\"image\":{\"@id\":\"https:\/\/zakelijk.houtmethistorie.nl\/#logo\"}},{\"@type\":\"WebSite\",\"@id\":\"https:\/\/zakelijk.houtmethistorie.nl\/#website\",\"url\":\"https:\/\/zakelijk.houtmethistorie.nl\/\",\"name\":\"Hout met Historie Zakelijk\",\"description\":\"\",\"publisher\":{\"@id\":\"https:\/\/zakelijk.houtmethistorie.nl\/#organization\"},\"potentialAction\":[{\"@type\":\"SearchAction\",\"target\":{\"@type\":\"EntryPoint\",\"urlTemplate\":\"https:\/\/zakelijk.houtmethistorie.nl\/?s={search_term_string}\"},\"query-input\":\"required name=search_term_string\"}],\"inLanguage\":\"de\"},{\"@type\":\"WebPage\",\"@id\":\"https:\/\/zakelijk.houtmethistorie.nl\/contact\/#webpage\",\"url\":\"https:\/\/zakelijk.houtmethistorie.nl\/contact\/\",\"name\":\"Kom in contact &bull; Hout met Historie Zakelijk\",\"isPartOf\":{\"@id\":\"https:\/\/zakelijk.houtmethistorie.nl\/#website\"},\"datePublished\":\"2017-09-19T15:03:37+00:00\",\"dateModified\":\"2018-09-19T12:49:25+00:00\",\"breadcrumb\":{\"@id\":\"https:\/\/zakelijk.houtmethistorie.nl\/contact\/#breadcrumb\"},\"inLanguage\":\"de\",\"potentialAction\":[{\"@type\":\"ReadAction\",\"target\":[\"https:\/\/zakelijk.houtmethistorie.nl\/contact\/\"]}]},{\"@type\":\"BreadcrumbList\",\"@id\":\"https:\/\/zakelijk.houtmethistorie.nl\/contact\/#breadcrumb\",\"itemListElement\":[{\"@type\":\"ListItem\",\"position\":1,\"name\":\"Home\",\"item\":\"https:\/\/zakelijk.houtmethistorie.nl\/\"},{\"@type\":\"ListItem\",\"position\":2,\"name\":\"Kom in contact\"}]}]}<\/script>\n<!-- \/ Yoast SEO plugin. -->","yoast_head_json":{"title":"Kom in contact &bull; Hout met Historie Zakelijk","robots":{"index":"index","follow":"follow","max-snippet":"max-snippet:-1","max-image-preview":"max-image-preview:large","max-video-preview":"max-video-preview:-1"},"canonical":"https:\/\/zakelijk.houtmethistorie.nl\/de\/kontakt\/","og_locale":"de_DE","og_type":"article","og_title":"Kom in contact &bull; Hout met Historie Zakelijk","og_url":"https:\/\/zakelijk.houtmethistorie.nl\/de\/kontakt\/","og_site_name":"Hout met Historie Zakelijk","article_publisher":"https:\/\/www.facebook.com\/houtmethistorie","article_modified_time":"2018-09-19T12:49:25+00:00","twitter_card":"summary","schema":{"@context":"https:\/\/schema.org","@graph":[{"@type":"Organization","@id":"https:\/\/zakelijk.houtmethistorie.nl\/#organization","name":"Hout met Historie","url":"https:\/\/zakelijk.houtmethistorie.nl\/","sameAs":["https:\/\/www.facebook.com\/houtmethistorie","https:\/\/www.instagram.com\/houtmethistorie\/","https:\/\/nl.pinterest.com\/houtmethistorie\/"],"logo":{"@type":"ImageObject","@id":"https:\/\/zakelijk.houtmethistorie.nl\/#logo","inLanguage":"de","url":"https:\/\/zakelijk.houtmethistorie.nl\/wp-content\/uploads\/logo.svg","contentUrl":"https:\/\/zakelijk.houtmethistorie.nl\/wp-content\/uploads\/logo.svg","caption":"Hout met Historie"},"image":{"@id":"https:\/\/zakelijk.houtmethistorie.nl\/#logo"}},{"@type":"WebSite","@id":"https:\/\/zakelijk.houtmethistorie.nl\/#website","url":"https:\/\/zakelijk.houtmethistorie.nl\/","name":"Hout met Historie Zakelijk","description":"","publisher":{"@id":"https:\/\/zakelijk.houtmethistorie.nl\/#organization"},"potentialAction":[{"@type":"SearchAction","target":{"@type":"EntryPoint","urlTemplate":"https:\/\/zakelijk.houtmethistorie.nl\/?s={search_term_string}"},"query-input":"required name=search_term_string"}],"inLanguage":"de"},{"@type":"WebPage","@id":"https:\/\/zakelijk.houtmethistorie.nl\/contact\/#webpage","url":"https:\/\/zakelijk.houtmethistorie.nl\/contact\/","name":"Kom in contact &bull; Hout met Historie Zakelijk","isPartOf":{"@id":"https:\/\/zakelijk.houtmethistorie.nl\/#website"},"datePublished":"2017-09-19T15:03:37+00:00","dateModified":"2018-09-19T12:49:25+00:00","breadcrumb":{"@id":"https:\/\/zakelijk.houtmethistorie.nl\/contact\/#breadcrumb"},"inLanguage":"de","potentialAction":[{"@type":"ReadAction","target":["https:\/\/zakelijk.houtmethistorie.nl\/contact\/"]}]},{"@type":"BreadcrumbList","@id":"https:\/\/zakelijk.houtmethistorie.nl\/contact\/#breadcrumb","itemListElement":[{"@type":"ListItem","position":1,"name":"Home","item":"https:\/\/zakelijk.houtmethistorie.nl\/"},{"@type":"ListItem","position":2,"name":"Kom in contact"}]}]}},"acf":[],"_links":{"self":[{"href":"https:\/\/zakelijk.houtmethistorie.nl\/de\/wp-json\/wp\/v2\/pages\/85"}],"collection":[{"href":"https:\/\/zakelijk.houtmethistorie.nl\/de\/wp-json\/wp\/v2\/pages"}],"about":[{"href":"https:\/\/zakelijk.houtmethistorie.nl\/de\/wp-json\/wp\/v2\/types\/page"}],"author":[{"embeddable":true,"href":"https:\/\/zakelijk.houtmethistorie.nl\/de\/wp-json\/wp\/v2\/users\/2"}],"replies":[{"embeddable":true,"href":"https:\/\/zakelijk.houtmethistorie.nl\/de\/wp-json\/wp\/v2\/comments?post=85"}],"version-history":[{"count":5,"href":"https:\/\/zakelijk.houtmethistorie.nl\/de\/wp-json\/wp\/v2\/pages\/85\/revisions"}],"predecessor-version":[{"id":901,"href":"https:\/\/zakelijk.houtmethistorie.nl\/de\/wp-json\/wp\/v2\/pages\/85\/revisions\/901"}],"wp:attachment":[{"href":"https:\/\/zakelijk.houtmethistorie.nl\/de\/wp-json\/wp\/v2\/media?parent=85"}],"curies":[{"name":"wp","href":"https:\/\/api.w.org\/{rel}","templated":true}]}}